{"id":371,"date":"2020-01-15T12:49:54","date_gmt":"2020-01-15T11:49:54","guid":{"rendered":"https:\/\/www.silvergrass.pl\/?page_id=371"},"modified":"2026-01-02T22:56:37","modified_gmt":"2026-01-02T21:56:37","slug":"o-nas","status":"publish","type":"page","link":"https:\/\/silvergrass.pl\/pl\/o-nas\/","title":{"rendered":"O nas"},"content":{"rendered":"\t\t<div data-elementor-type=\"wp-page\" data-elementor-id=\"371\" class=\"elementor elementor-371\">\n\t\t\t\t\t\t<section class=\"elementor-section elementor-top-section elementor-element elementor-element-7ab0c69 elementor-section-full_width elementor-section-height-default elementor-section-height-default\" data-id=\"7ab0c69\" data-element_type=\"section\">\n\t\t\t\t\t\t<div class=\"elementor-container elementor-column-gap-default\">\n\t\t\t\t\t<div class=\"elementor-column elementor-col-100 elementor-top-column elementor-element elementor-element-795f5ff\" data-id=\"795f5ff\" data-element_type=\"column\">\n\t\t\t<div class=\"elementor-widget-wrap elementor-element-populated\">\n\t\t\t\t\t\t<div class=\"elementor-element elementor-element-d3865c8 elementor-widget elementor-widget-heading\" data-id=\"d3865c8\" data-element_type=\"widget\" data-widget_type=\"heading.default\">\n\t\t\t\t<div class=\"elementor-widget-container\">\n\t\t\t\t\t<h1 class=\"elementor-heading-title elementor-size-default\">Silvergrass Capital Partners<\/h1>\t\t\t\t<\/div>\n\t\t\t\t<\/div>\n\t\t\t\t<div class=\"elementor-element elementor-element-def6392 elementor-widget-divider--view-line elementor-widget elementor-widget-divider\" data-id=\"def6392\" data-element_type=\"widget\" data-widget_type=\"divider.default\">\n\t\t\t\t<div class=\"elementor-widget-container\">\n\t\t\t\t\t\t\t<div class=\"elementor-divider\">\n\t\t\t<span class=\"elementor-divider-separator\">\n\t\t\t\t\t\t<\/span>\n\t\t<\/div>\n\t\t\t\t\t\t<\/div>\n\t\t\t\t<\/div>\n\t\t\t\t<div class=\"elementor-element elementor-element-8d11d5f elementor-widget elementor-widget-text-editor\" data-id=\"8d11d5f\" data-element_type=\"widget\" data-widget_type=\"text-editor.default\">\n\t\t\t\t<div class=\"elementor-widget-container\">\n\t\t\t\t\t\t\t\t\t<h4><strong>Przygotujemy Twoj\u0105 firm\u0119 do transakcji M&amp;A.\u00a0\u00a0<\/strong><\/h4><p>Eksperci M&amp;A- oferujemy kompleksowe us\u0142ugi doradcze maj\u0105ce na celu wzrost warto\u015bci biznesu i przygotowanie sp\u00f3\u0142ki do sprzeda\u017cy w transkacji M&amp;A.\u00a0<\/p><p>Dzi\u0119ki naszemu zaanga\u017cowaniu klienci :<\/p><ul><li>przygotowuj\u0105 si\u0119 do szybkiego wzrostu i rozm\u00f3w z rynkiem kapita\u0142owym;\u00a0<\/li><li>pozyskuj\u0105 kapita\u0142 na rozw\u00f3j;<\/li><li>osi\u0105gaj\u0105 wy\u017csz\u0105\u00a0rentowno\u015b\u0107 i efektywno\u015b\u0107 operacyjn\u0105, a w konsekwencji wzrost warto\u015bci rynkowej sp\u00f3\u0142ki;<\/li><li>sprzedaj\u0105 sp\u00f3\u0142ki inwestorom strategicznym, funduszom private equity lub w ramach IPO za atrakcyjn\u0105 cen\u0119.<\/li><\/ul><p>Wykorzystujemy ponad 30 lat do\u015bwiadczenia w zarz\u0105dzaniu funduszami PE\/VC, na rynku kapita\u0142owym i w pracy ze sp\u00f3\u0142kami r\u00f3\u017cnej wielko\u015bci \u2013 od startup\u00f3w po globalne korporacje.<\/p><p>Stosujemy sprawdzone i skuteczne metody, kt\u00f3re realnie przek\u0142adaj\u0105 si\u0119 na wyniki. <span style=\"color: #ffffff;\">Eksperci M&amp;A.<\/span><\/p><h4><strong>Zbuduj z nami silniejszy i bardziej warto\u015bciowy biznes!<\/strong><\/h4><div><strong>\u00a0<\/strong><\/div><p style=\"text-align: left;\"><a href=\"https:\/\/silvergrass.pl\/zakres-wsparcia\/\">Zakres wsparcia<\/a> \u00a0<a href=\"https:\/\/silvergrass.pl\/klienci\/\">Klienci\u00a0<\/a> <a href=\"https:\/\/silvergrass.pl\/kontakt\/\">Kontakt<\/a><\/p>\t\t\t\t\t\t\t\t<\/div>\n\t\t\t\t<\/div>\n\t\t\t\t<div class=\"elementor-element elementor-element-29945f0 elementor-widget-divider--view-line elementor-widget elementor-widget-divider\" data-id=\"29945f0\" data-element_type=\"widget\" data-widget_type=\"divider.default\">\n\t\t\t\t<div class=\"elementor-widget-container\">\n\t\t\t\t\t\t\t<div class=\"elementor-divider\">\n\t\t\t<span class=\"elementor-divider-separator\">\n\t\t\t\t\t\t<\/span>\n\t\t<\/div>\n\t\t\t\t\t\t<\/div>\n\t\t\t\t<\/div>\n\t\t\t\t\t<\/div>\n\t\t<\/div>\n\t\t\t\t\t<\/div>\n\t\t<\/section>\n\t\t\t\t<\/div>\n\t\t","protected":false},"excerpt":{"rendered":"<p>Silvergrass Capital Partners Przygotujemy Twoj\u0105 firm\u0119 do transakcji M&amp;A.\u00a0\u00a0 Eksperci M&amp;A- oferujemy kompleksowe us\u0142ugi doradcze maj\u0105ce na celu wzrost warto\u015bci biznesu i przygotowanie sp\u00f3\u0142ki do sprzeda\u017cy w transkacji M&amp;A.\u00a0 Dzi\u0119ki naszemu zaanga\u017cowaniu klienci : przygotowuj\u0105 si\u0119 do szybkiego wzrostu i rozm\u00f3w z rynkiem kapita\u0142owym;\u00a0 pozyskuj\u0105 kapita\u0142 na rozw\u00f3j; osi\u0105gaj\u0105 wy\u017csz\u0105\u00a0rentowno\u015b\u0107&#8230;<\/p>\n","protected":false},"author":1,"featured_media":0,"parent":0,"menu_order":0,"comment_status":"closed","ping_status":"closed","template":"","meta":{"footnotes":""},"class_list":["post-371","page","type-page","status-publish","hentry"],"yoast_head":"<!-- This site is optimized with the Yoast SEO plugin v26.8 - https:\/\/yoast.com\/product\/yoast-seo-wordpress\/ -->\n<title>Eksperci M&amp;A Silvergrass Capital Partners<\/title>\n<meta name=\"description\" content=\"Eksperci M&amp;A - Kompleksowe przygotowanie firmy do transakcji M&amp;A. Analiza- strategia- finansowanie- wzrost- sprzeda\u017c.\" \/>\n<meta name=\"robots\" content=\"index, follow, max-snippet:-1, max-image-preview:large, max-video-preview:-1\" \/>\n<link rel=\"canonical\" href=\"https:\/\/silvergrass.pl\/pl\/o-nas\/\" \/>\n<meta property=\"og:locale\" content=\"pl_PL\" \/>\n<meta property=\"og:type\" content=\"article\" \/>\n<meta property=\"og:title\" content=\"Eksperci M&amp;A Silvergrass Capital Partners\" \/>\n<meta property=\"og:description\" content=\"Eksperci M&amp;A - Kompleksowe przygotowanie firmy do transakcji M&amp;A. Analiza- strategia- finansowanie- wzrost- sprzeda\u017c.\" \/>\n<meta property=\"og:url\" content=\"https:\/\/silvergrass.pl\/pl\/o-nas\/\" \/>\n<meta property=\"og:site_name\" content=\"Silvergrass Capital Partners\" \/>\n<meta property=\"article:modified_time\" content=\"2026-01-02T21:56:37+00:00\" \/>\n<meta name=\"twitter:card\" content=\"summary_large_image\" \/>\n<meta name=\"twitter:label1\" content=\"Szacowany czas czytania\" \/>\n\t<meta name=\"twitter:data1\" content=\"1 minuta\" \/>\n<script type=\"application\/ld+json\" class=\"yoast-schema-graph\">{\"@context\":\"https:\/\/schema.org\",\"@graph\":[{\"@type\":\"WebPage\",\"@id\":\"https:\/\/silvergrass.pl\/o-nas\/\",\"url\":\"https:\/\/silvergrass.pl\/o-nas\/\",\"name\":\"Eksperci M&A Silvergrass Capital Partners\",\"isPartOf\":{\"@id\":\"https:\/\/silvergrass.pl\/en\/#website\"},\"datePublished\":\"2020-01-15T11:49:54+00:00\",\"dateModified\":\"2026-01-02T21:56:37+00:00\",\"description\":\"Eksperci M&A - Kompleksowe przygotowanie firmy do transakcji M&A. Analiza- strategia- finansowanie- wzrost- sprzeda\u017c.\",\"breadcrumb\":{\"@id\":\"https:\/\/silvergrass.pl\/o-nas\/#breadcrumb\"},\"inLanguage\":\"pl-PL\",\"potentialAction\":[{\"@type\":\"ReadAction\",\"target\":[\"https:\/\/silvergrass.pl\/o-nas\/\"]}]},{\"@type\":\"BreadcrumbList\",\"@id\":\"https:\/\/silvergrass.pl\/o-nas\/#breadcrumb\",\"itemListElement\":[{\"@type\":\"ListItem\",\"position\":1,\"name\":\"Strona g\u0142\u00f3wna\",\"item\":\"https:\/\/silvergrass.pl\/\"},{\"@type\":\"ListItem\",\"position\":2,\"name\":\"O nas\"}]},{\"@type\":\"WebSite\",\"@id\":\"https:\/\/silvergrass.pl\/en\/#website\",\"url\":\"https:\/\/silvergrass.pl\/en\/\",\"name\":\"Silvergrass Capital Partners\",\"description\":\"\",\"publisher\":{\"@id\":\"https:\/\/silvergrass.pl\/en\/#organization\"},\"potentialAction\":[{\"@type\":\"SearchAction\",\"target\":{\"@type\":\"EntryPoint\",\"urlTemplate\":\"https:\/\/silvergrass.pl\/en\/?s={search_term_string}\"},\"query-input\":{\"@type\":\"PropertyValueSpecification\",\"valueRequired\":true,\"valueName\":\"search_term_string\"}}],\"inLanguage\":\"pl-PL\"},{\"@type\":\"Organization\",\"@id\":\"https:\/\/silvergrass.pl\/en\/#organization\",\"name\":\"Silvergrass Capital Partners\",\"url\":\"https:\/\/silvergrass.pl\/en\/\",\"logo\":{\"@type\":\"ImageObject\",\"inLanguage\":\"pl-PL\",\"@id\":\"https:\/\/silvergrass.pl\/en\/#\/schema\/logo\/image\/\",\"url\":\"https:\/\/www.silvergrass.pl\/wp-content\/uploads\/2020\/01\/logo_ww-2.png\",\"contentUrl\":\"https:\/\/www.silvergrass.pl\/wp-content\/uploads\/2020\/01\/logo_ww-2.png\",\"width\":120,\"height\":50,\"caption\":\"Silvergrass Capital Partners\"},\"image\":{\"@id\":\"https:\/\/silvergrass.pl\/en\/#\/schema\/logo\/image\/\"}}]}<\/script>\n<!-- \/ Yoast SEO plugin. -->","yoast_head_json":{"title":"Eksperci M&A Silvergrass Capital Partners","description":"Eksperci M&A - Kompleksowe przygotowanie firmy do transakcji M&A. Analiza- strategia- finansowanie- wzrost- sprzeda\u017c.","robots":{"index":"index","follow":"follow","max-snippet":"max-snippet:-1","max-image-preview":"max-image-preview:large","max-video-preview":"max-video-preview:-1"},"canonical":"https:\/\/silvergrass.pl\/pl\/o-nas\/","og_locale":"pl_PL","og_type":"article","og_title":"Eksperci M&A Silvergrass Capital Partners","og_description":"Eksperci M&A - Kompleksowe przygotowanie firmy do transakcji M&A. Analiza- strategia- finansowanie- wzrost- sprzeda\u017c.","og_url":"https:\/\/silvergrass.pl\/pl\/o-nas\/","og_site_name":"Silvergrass Capital Partners","article_modified_time":"2026-01-02T21:56:37+00:00","twitter_card":"summary_large_image","twitter_misc":{"Szacowany czas czytania":"1 minuta"},"schema":{"@context":"https:\/\/schema.org","@graph":[{"@type":"WebPage","@id":"https:\/\/silvergrass.pl\/o-nas\/","url":"https:\/\/silvergrass.pl\/o-nas\/","name":"Eksperci M&A Silvergrass Capital Partners","isPartOf":{"@id":"https:\/\/silvergrass.pl\/en\/#website"},"datePublished":"2020-01-15T11:49:54+00:00","dateModified":"2026-01-02T21:56:37+00:00","description":"Eksperci M&A - Kompleksowe przygotowanie firmy do transakcji M&A. Analiza- strategia- finansowanie- wzrost- sprzeda\u017c.","breadcrumb":{"@id":"https:\/\/silvergrass.pl\/o-nas\/#breadcrumb"},"inLanguage":"pl-PL","potentialAction":[{"@type":"ReadAction","target":["https:\/\/silvergrass.pl\/o-nas\/"]}]},{"@type":"BreadcrumbList","@id":"https:\/\/silvergrass.pl\/o-nas\/#breadcrumb","itemListElement":[{"@type":"ListItem","position":1,"name":"Strona g\u0142\u00f3wna","item":"https:\/\/silvergrass.pl\/"},{"@type":"ListItem","position":2,"name":"O nas"}]},{"@type":"WebSite","@id":"https:\/\/silvergrass.pl\/en\/#website","url":"https:\/\/silvergrass.pl\/en\/","name":"Silvergrass Capital Partners","description":"","publisher":{"@id":"https:\/\/silvergrass.pl\/en\/#organization"},"potentialAction":[{"@type":"SearchAction","target":{"@type":"EntryPoint","urlTemplate":"https:\/\/silvergrass.pl\/en\/?s={search_term_string}"},"query-input":{"@type":"PropertyValueSpecification","valueRequired":true,"valueName":"search_term_string"}}],"inLanguage":"pl-PL"},{"@type":"Organization","@id":"https:\/\/silvergrass.pl\/en\/#organization","name":"Silvergrass Capital Partners","url":"https:\/\/silvergrass.pl\/en\/","logo":{"@type":"ImageObject","inLanguage":"pl-PL","@id":"https:\/\/silvergrass.pl\/en\/#\/schema\/logo\/image\/","url":"https:\/\/www.silvergrass.pl\/wp-content\/uploads\/2020\/01\/logo_ww-2.png","contentUrl":"https:\/\/www.silvergrass.pl\/wp-content\/uploads\/2020\/01\/logo_ww-2.png","width":120,"height":50,"caption":"Silvergrass Capital Partners"},"image":{"@id":"https:\/\/silvergrass.pl\/en\/#\/schema\/logo\/image\/"}}]}},"_links":{"self":[{"href":"https:\/\/silvergrass.pl\/pl\/wp-json\/wp\/v2\/pages\/371","targetHints":{"allow":["GET"]}}],"collection":[{"href":"https:\/\/silvergrass.pl\/pl\/wp-json\/wp\/v2\/pages"}],"about":[{"href":"https:\/\/silvergrass.pl\/pl\/wp-json\/wp\/v2\/types\/page"}],"author":[{"embeddable":true,"href":"https:\/\/silvergrass.pl\/pl\/wp-json\/wp\/v2\/users\/1"}],"replies":[{"embeddable":true,"href":"https:\/\/silvergrass.pl\/pl\/wp-json\/wp\/v2\/comments?post=371"}],"version-history":[{"count":103,"href":"https:\/\/silvergrass.pl\/pl\/wp-json\/wp\/v2\/pages\/371\/revisions"}],"predecessor-version":[{"id":1286,"href":"https:\/\/silvergrass.pl\/pl\/wp-json\/wp\/v2\/pages\/371\/revisions\/1286"}],"wp:attachment":[{"href":"https:\/\/silvergrass.pl\/pl\/wp-json\/wp\/v2\/media?parent=371"}],"curies":[{"name":"wp","href":"https:\/\/api.w.org\/{rel}","templated":true}]}}